{"id":737,"date":"2018-05-19T11:50:21","date_gmt":"2018-05-19T09:50:21","guid":{"rendered":"http:\/\/www.markusreisen.de\/kalifornien\/?page_id=737"},"modified":"2018-05-19T11:50:21","modified_gmt":"2018-05-19T09:50:21","slug":"impressum","status":"publish","type":"page","link":"https:\/\/www.markusreisen.de\/kalifornien\/impressum\/","title":{"rendered":"Impressum"},"content":{"rendered":"<h2>Angaben gem\u00e4\u00df \u00a7 5 TMG:<\/h2>\n<p>Markus H\u00fcnem\u00f6rder<br \/>\nImplerstra\u00dfe 25<br \/>\n81371 M\u00fcnchen<\/p>\n<h2>Kontakt:<\/h2>\n<p>Telefon: (089) 74665746<br \/>\nTelefax: (089) 74665746<br \/>\nE-Mail: markus@huenemoerder.de<\/p>\n<h2>Verantwortlich f\u00fcr den Inhalt nach \u00a7 55 Abs. 2 RStV:<\/h2>\n<p>Markus H\u00fcnem\u00f6rder<br \/>\nImplerstra\u00dfe 25<br \/>\n81371 M\u00fcnchen<\/p>\n<p>Quelle: <a href=\"http:\/\/www.anwalt.de\" rel=\"nofollow\">Impressum-Generator von anwalt.de<\/a><\/p>\n","protected":false},"excerpt":{"rendered":"<p>Angaben gem\u00e4\u00df \u00a7 5 TMG: Markus H\u00fcnem\u00f6rder Implerstra\u00dfe 25 81371 M\u00fcnchen Kontakt: Telefon: (089) 74665746 Telefax: (089) 74665746 E-Mail: markus@huenemoerder.de Verantwortlich f\u00fcr den Inhalt nach \u00a7 55 Abs. 2 RStV: Markus H\u00fcnem\u00f6rder Implerstra\u00dfe 25 81371 M\u00fcnchen Quelle: Impressum-Generator von anwalt.de<\/p>\n","protected":false},"author":1,"featured_media":0,"parent":0,"menu_order":0,"comment_status":"closed","ping_status":"closed","template":"","meta":{"footnotes":""},"class_list":["post-737","page","type-page","status-publish","hentry"],"_links":{"self":[{"href":"https:\/\/www.markusreisen.de\/kalifornien\/wp-json\/wp\/v2\/pages\/737","targetHints":{"allow":["GET"]}}],"collection":[{"href":"https:\/\/www.markusreisen.de\/kalifornien\/wp-json\/wp\/v2\/pages"}],"about":[{"href":"https:\/\/www.markusreisen.de\/kalifornien\/wp-json\/wp\/v2\/types\/page"}],"author":[{"embeddable":true,"href":"https:\/\/www.markusreisen.de\/kalifornien\/wp-json\/wp\/v2\/users\/1"}],"replies":[{"embeddable":true,"href":"https:\/\/www.markusreisen.de\/kalifornien\/wp-json\/wp\/v2\/comments?post=737"}],"version-history":[{"count":1,"href":"https:\/\/www.markusreisen.de\/kalifornien\/wp-json\/wp\/v2\/pages\/737\/revisions"}],"predecessor-version":[{"id":739,"href":"https:\/\/www.markusreisen.de\/kalifornien\/wp-json\/wp\/v2\/pages\/737\/revisions\/739"}],"wp:attachment":[{"href":"https:\/\/www.markusreisen.de\/kalifornien\/wp-json\/wp\/v2\/media?parent=737"}],"curies":[{"name":"wp","href":"https:\/\/api.w.org\/{rel}","templated":true}]}}