{"id":146,"date":"2014-12-22T17:39:23","date_gmt":"2014-12-22T17:39:23","guid":{"rendered":"http:\/\/markusflorida.wordpress.com\/?page_id=1"},"modified":"2014-12-22T17:39:23","modified_gmt":"2014-12-22T17:39:23","slug":"about","status":"publish","type":"page","link":"https:\/\/www.markusreisen.de\/florida\/about\/","title":{"rendered":"Reiseroute"},"content":{"rendered":"<p>Hier die geplante Reiseroute: ich starte in Orlando und fahre dann zun\u00e4chst den Manatees hinterher nach Blue Springs und Crystal River. Dann Sylvester in St. Petersburg und nochmal Manatee beim Teco Viewing Center.<\/p>\n<p>Etwas Zeit an der Golfk\u00fcste rund um Fort Myers, dann geht es nach Osten. Zun\u00e4chst in die n\u00f6rdlichen Everglades bei Shark Valley. Dann mache ich fast eine Woche in Homestead Station und erkunde von dort aus die s\u00fcdlichen Everglades, die Keys und Shark Valley.<\/p>\n<p>Am Schluss geht es wieder nach Orlando, wo ich ein paar Tage in den hoffentlich ziemlich leeren Vergn\u00fcgungsparks verbringen werde.<\/p>\n<p><strong>Hier die Reiseroute als Karte:<\/strong><\/p>\n<p><a href=\"https:\/\/www.markusreisen.de\/florida\/wp-content\/uploads\/sites\/3\/2015\/01\/stepmap-karte-suedflorida-1490563.jpg\"><img loading=\"lazy\" decoding=\"async\" class=\"alignnone  wp-image-222\" src=\"https:\/\/www.markusreisen.de\/florida\/wp-content\/uploads\/sites\/3\/2015\/01\/stepmap-karte-suedflorida-1490563.jpg\" alt=\"stepmap-karte-suedflorida-1490563\" width=\"575\" height=\"575\" srcset=\"https:\/\/www.markusreisen.de\/florida\/wp-content\/uploads\/sites\/3\/2015\/01\/stepmap-karte-suedflorida-1490563.jpg 320w, https:\/\/www.markusreisen.de\/florida\/wp-content\/uploads\/sites\/3\/2015\/01\/stepmap-karte-suedflorida-1490563-150x150.jpg 150w, https:\/\/www.markusreisen.de\/florida\/wp-content\/uploads\/sites\/3\/2015\/01\/stepmap-karte-suedflorida-1490563-300x300.jpg 300w\" sizes=\"auto, (max-width: 575px) 85vw, 575px\" \/><\/a><\/p>\n","protected":false},"excerpt":{"rendered":"<p>Hier die geplante Reiseroute: ich starte in Orlando und fahre dann zun\u00e4chst den Manatees hinterher nach Blue Springs und Crystal River. Dann Sylvester in St. Petersburg und nochmal Manatee beim Teco Viewing Center. Etwas Zeit an der Golfk\u00fcste rund um Fort Myers, dann geht es nach Osten. Zun\u00e4chst in die n\u00f6rdlichen Everglades bei Shark Valley. &hellip; <a href=\"https:\/\/www.markusreisen.de\/florida\/about\/\" class=\"more-link\"><span class=\"screen-reader-text\">\u201eReiseroute\u201c <\/span>weiterlesen<\/a><\/p>\n","protected":false},"author":1,"featured_media":0,"parent":0,"menu_order":0,"comment_status":"open","ping_status":"open","template":"","meta":{"footnotes":""},"class_list":["post-146","page","type-page","status-publish","hentry"],"_links":{"self":[{"href":"https:\/\/www.markusreisen.de\/florida\/wp-json\/wp\/v2\/pages\/146","targetHints":{"allow":["GET"]}}],"collection":[{"href":"https:\/\/www.markusreisen.de\/florida\/wp-json\/wp\/v2\/pages"}],"about":[{"href":"https:\/\/www.markusreisen.de\/florida\/wp-json\/wp\/v2\/types\/page"}],"author":[{"embeddable":true,"href":"https:\/\/www.markusreisen.de\/florida\/wp-json\/wp\/v2\/users\/1"}],"replies":[{"embeddable":true,"href":"https:\/\/www.markusreisen.de\/florida\/wp-json\/wp\/v2\/comments?post=146"}],"version-history":[{"count":0,"href":"https:\/\/www.markusreisen.de\/florida\/wp-json\/wp\/v2\/pages\/146\/revisions"}],"wp:attachment":[{"href":"https:\/\/www.markusreisen.de\/florida\/wp-json\/wp\/v2\/media?parent=146"}],"curies":[{"name":"wp","href":"https:\/\/api.w.org\/{rel}","templated":true}]}}